{"id":10,"date":"2025-11-23T20:38:30","date_gmt":"2025-11-24T01:38:30","guid":{"rendered":"https:\/\/inversionesguru.com\/mx\/?page_id=10"},"modified":"2025-11-23T20:43:15","modified_gmt":"2025-11-24T01:43:15","slug":"inicio-mexico","status":"publish","type":"page","link":"https:\/\/inversionesguru.com\/mx\/","title":{"rendered":"Inicio M\u00e9xico"},"content":{"rendered":"\t\t<div data-elementor-type=\"wp-page\" data-elementor-id=\"10\" class=\"elementor elementor-10\" data-elementor-post-type=\"page\">\n\t\t\t\t\t\t<section class=\"elementor-section elementor-top-section elementor-element elementor-element-6370e05 elementor-section-height-min-height elementor-section-items-stretch elementor-section-boxed elementor-section-height-default\" data-id=\"6370e05\" data-element_type=\"section\" data-e-type=\"section\" data-settings=\"{&quot;background_background&quot;:&quot;classic&quot;,&quot;ekit_has_onepagescroll_dot&quot;:&quot;yes&quot;}\">\n\t\t\t\t\t\t\t<div class=\"elementor-background-overlay\"><\/div>\n\t\t\t\t\t\t\t<div class=\"elementor-container elementor-column-gap-default\">\n\t\t\t\t\t<div class=\"elementor-column elementor-col-100 elementor-top-column elementor-element elementor-element-5e0458c elementor-invisible\" data-id=\"5e0458c\" data-element_type=\"column\" data-e-type=\"column\" data-settings=\"{&quot;animation&quot;:&quot;fadeIn&quot;}\">\n\t\t\t<div class=\"elementor-widget-wrap elementor-element-populated\">\n\t\t\t\t\t\t<section class=\"elementor-section elementor-inner-section elementor-element elementor-element-e4a7b1b elementor-section-boxed elementor-section-height-default elementor-section-height-default\" data-id=\"e4a7b1b\" data-element_type=\"section\" data-e-type=\"section\" data-settings=\"{&quot;ekit_has_onepagescroll_dot&quot;:&quot;yes&quot;}\">\n\t\t\t\t\t\t<div class=\"elementor-container elementor-column-gap-default\">\n\t\t\t\t\t<div class=\"elementor-column elementor-col-100 elementor-inner-column elementor-element elementor-element-3a88750\" data-id=\"3a88750\" data-element_type=\"column\" data-e-type=\"column\">\n\t\t\t<div class=\"elementor-widget-wrap elementor-element-populated\">\n\t\t\t\t\t\t<div class=\"elementor-element elementor-element-46a9993 elementor-invisible elementor-widget elementor-widget-heading\" data-id=\"46a9993\" data-element_type=\"widget\" data-e-type=\"widget\" data-settings=\"{&quot;_animation&quot;:&quot;fadeIn&quot;,&quot;ekit_we_effect_on&quot;:&quot;none&quot;}\" data-widget_type=\"heading.default\">\n\t\t\t\t\t<h1 class=\"elementor-heading-title elementor-size-default\">inversionesgur\u00fa<\/h1>\t\t\t\t<\/div>\n\t\t\t\t<div class=\"elementor-element elementor-element-3538de9 elementor-widget elementor-widget-html\" data-id=\"3538de9\" data-element_type=\"widget\" data-e-type=\"widget\" data-settings=\"{&quot;ekit_we_effect_on&quot;:&quot;none&quot;}\" data-widget_type=\"html.default\">\n\t\t\t\t\t<!-- HTML -->\r\n<div class=\"mexico-title\">\r\n    <h1>\r\n        <span class=\"green\">M\u00e9<\/span><span class=\"white\">xi<\/span><span class=\"red\">co<\/span>\r\n    <\/h1>\r\n<\/div>\r\n\r\n<!-- CSS -->\r\n<style>\r\n.mexico-title h1 {\r\n    font-size: clamp(2rem, 8vw, 4rem);\r\n    font-weight: bold;\r\n    text-align: center;\r\n    margin: 0;\r\n    padding: 1rem;\r\n    line-height: 1.2;\r\n}\r\n\r\n.mexico-title .green {\r\n    color: #006847;\r\n}\r\n\r\n.mexico-title .white {\r\n    color: #FFFFFF;\r\n    text-shadow: 1px 1px 1px #000;\r\n}\r\n\r\n.mexico-title .red {\r\n    color: #CE1126;\r\n}\r\n\r\n@media screen and (max-width: 480px) {\r\n    .mexico-title h1 {\r\n        padding: 0.5rem;\r\n    }\r\n}\r\n<\/style>\t\t\t\t<\/div>\n\t\t\t\t<div class=\"elementor-element elementor-element-6cea823 elementor-widget elementor-widget-text-editor\" data-id=\"6cea823\" data-element_type=\"widget\" data-e-type=\"widget\" data-settings=\"{&quot;ekit_we_effect_on&quot;:&quot;none&quot;}\" data-widget_type=\"text-editor.default\">\n\t\t\t\t\t\t\t\t\t<p><b>Tu sitio completo de finanzas<\/b>. Descubre nuestras <b>calculadoras <\/b>y <b>simuladores de cr\u00e9dito<\/b>, inf\u00f3rmate sobre las <b>\u00faltimas noticias<\/b> y utiliza nuestras <b>herramientas especiales<\/b> para hacer elecciones financieras acertadas. \u00a1Comienza a mejorar tu situaci\u00f3n financiera hoy!<\/p>\t\t\t\t\t\t\t\t<\/div>\n\t\t\t\t\t<\/div>\n\t\t<\/div>\n\t\t\t\t\t<\/div>\n\t\t<\/section>\n\t\t\t\t<div class=\"elementor-element elementor-element-f0ba475 elementor-widget elementor-widget-heading\" data-id=\"f0ba475\" data-element_type=\"widget\" data-e-type=\"widget\" data-settings=\"{&quot;ekit_we_effect_on&quot;:&quot;none&quot;}\" data-widget_type=\"heading.default\">\n\t\t\t\t\t<h2 class=\"elementor-heading-title elementor-size-default\">Encuentra, compara y simula los mejores productos financieros<\/h2>\t\t\t\t<\/div>\n\t\t\t\t<div class=\"elementor-element elementor-element-f6db56d elementor-widget elementor-widget-html\" data-id=\"f6db56d\" data-element_type=\"widget\" data-e-type=\"widget\" data-settings=\"{&quot;ekit_we_effect_on&quot;:&quot;none&quot;}\" data-widget_type=\"html.default\">\n\t\t\t\t\t<div class=\"modern-features\">\r\n    <div class=\"modern-features-grid\">\r\n        <!-- Calculadoras -->\r\n        <div class=\"modern-card\">\r\n            <div class=\"modern-card-header modern-gradient-2\">\r\n                <div class=\"modern-header-icon\">\r\n                    <svg xmlns=\"http:\/\/www.w3.org\/2000\/svg\" viewBox=\"0 0 24 24\" fill=\"none\" stroke=\"currentColor\" stroke-width=\"2\">\r\n                        <rect x=\"4\" y=\"2\" width=\"16\" height=\"20\" rx=\"2\"\/>\r\n                        <line x1=\"8\" y1=\"6\" x2=\"16\" y2=\"6\"\/>\r\n                        <line x1=\"8\" y1=\"10\" x2=\"16\" y2=\"10\"\/>\r\n                        <line x1=\"8\" y1=\"14\" x2=\"16\" y2=\"14\"\/>\r\n                        <line x1=\"8\" y1=\"18\" x2=\"16\" y2=\"18\"\/>\r\n                    <\/svg>\r\n                <\/div>\r\n                <div class=\"modern-header-text\">\r\n                    <h3 class=\"modern-title\">Simuladores y Calculadoras<\/h3>\r\n                    <p class=\"modern-subtitle\">Herramientas para tus finanzas<\/p>\r\n                <\/div>\r\n            <\/div>\r\n            <div class=\"modern-content\">\r\n                <div class=\"modern-feature-item\">\r\n                    <div class=\"modern-feature-icon\">\r\n                        <svg xmlns=\"http:\/\/www.w3.org\/2000\/svg\" viewBox=\"0 0 24 24\" fill=\"none\" stroke=\"currentColor\" stroke-width=\"2\">\r\n                            <circle cx=\"12\" cy=\"12\" r=\"10\"\/>\r\n                            <path d=\"M16 8h-6a2 2 0 100 4h4a2 2 0 110 4H8\"\/>\r\n                        <\/svg>\r\n                    <\/div>\r\n                    <span class=\"modern-feature-text\">Simuladores Nubank y Lulobank<\/span>\r\n                <\/div>\r\n                <div class=\"modern-feature-item\">\r\n                    <div class=\"modern-feature-icon\">\r\n                        <svg xmlns=\"http:\/\/www.w3.org\/2000\/svg\" viewBox=\"0 0 24 24\" fill=\"none\" stroke=\"currentColor\" stroke-width=\"2\">\r\n                            <path d=\"M12 2v20\"\/>\r\n                            <path d=\"M17 5H9.5a3.5 3.5 0 000 7h5a3.5 3.5 0 010 7H6\"\/>\r\n                        <\/svg>\r\n                    <\/div>\r\n                    <span class=\"modern-feature-text\">Calculadora 4x1000 y m\u00e1s<\/span>\r\n                <\/div>\r\n            <\/div>\r\n            <a href=\"https:\/\/romaybruno.online\/category\/calculadoras-financieras-mexico\/\" class=\"modern-cta\" target=\"_blank\" rel=\"noopener\">\r\n                <span class=\"modern-cta-text\">Usar Calculadoras<\/span>\r\n                <div class=\"modern-cta-arrow\">\r\n                    <svg xmlns=\"http:\/\/www.w3.org\/2000\/svg\" viewBox=\"0 0 24 24\" fill=\"none\" stroke=\"currentColor\" stroke-width=\"2\">\r\n                        <line x1=\"5\" y1=\"12\" x2=\"19\" y2=\"12\"\/>\r\n                        <polyline points=\"12 5 19 12 12 19\"\/>\r\n                    <\/svg>\r\n                <\/div>\r\n            <\/a>\r\n        <\/div>\r\n    <\/div>\r\n<\/div>\t\t\t\t<\/div>\n\t\t\t\t<section class=\"elementor-section elementor-inner-section elementor-element elementor-element-21e2f04 elementor-section-boxed elementor-section-height-default elementor-section-height-default\" data-id=\"21e2f04\" data-element_type=\"section\" data-e-type=\"section\" data-settings=\"{&quot;ekit_has_onepagescroll_dot&quot;:&quot;yes&quot;}\">\n\t\t\t\t\t\t<div class=\"elementor-container elementor-column-gap-extended\">\n\t\t\t\t\t<div class=\"elementor-column elementor-col-100 elementor-inner-column elementor-element elementor-element-31146fc\" data-id=\"31146fc\" data-element_type=\"column\" data-e-type=\"column\">\n\t\t\t<div class=\"elementor-widget-wrap\">\n\t\t\t\t\t\t\t<\/div>\n\t\t<\/div>\n\t\t\t\t\t<\/div>\n\t\t<\/section>\n\t\t\t\t\t<\/div>\n\t\t<\/div>\n\t\t\t\t\t<\/div>\n\t\t<\/section>\n\t\t\t\t<section class=\"elementor-section elementor-top-section elementor-element elementor-element-c98606c elementor-section-boxed elementor-section-height-default elementor-section-height-default\" data-id=\"c98606c\" data-element_type=\"section\" data-e-type=\"section\" data-settings=\"{&quot;background_background&quot;:&quot;classic&quot;,&quot;ekit_has_onepagescroll_dot&quot;:&quot;yes&quot;}\">\n\t\t\t\t\t\t\t<div class=\"elementor-background-overlay\"><\/div>\n\t\t\t\t\t\t\t<div class=\"elementor-container elementor-column-gap-default\">\n\t\t\t\t\t<div class=\"elementor-column elementor-col-100 elementor-top-column elementor-element elementor-element-866593a\" data-id=\"866593a\" data-element_type=\"column\" data-e-type=\"column\">\n\t\t\t<div class=\"elementor-widget-wrap elementor-element-populated\">\n\t\t\t\t\t\t<div class=\"elementor-element elementor-element-e691ef5 animated-fast elementor-invisible elementor-widget elementor-widget-heading\" data-id=\"e691ef5\" data-element_type=\"widget\" data-e-type=\"widget\" data-settings=\"{&quot;_animation&quot;:&quot;slideInUp&quot;,&quot;ekit_we_effect_on&quot;:&quot;none&quot;}\" data-widget_type=\"heading.default\">\n\t\t\t\t\t<h2 class=\"elementor-heading-title elementor-size-default\">Inform\u00e1te..\n<\/h2>\t\t\t\t<\/div>\n\t\t\t\t<div class=\"elementor-element elementor-element-afa9199 elementor-posts--align-left elementor-grid-3 elementor-grid-tablet-2 elementor-grid-mobile-1 elementor-posts--thumbnail-top elementor-widget elementor-widget-posts\" data-id=\"afa9199\" data-element_type=\"widget\" data-e-type=\"widget\" data-settings=\"{&quot;pagination_type&quot;:&quot;numbers&quot;,&quot;classic_columns&quot;:&quot;3&quot;,&quot;classic_columns_tablet&quot;:&quot;2&quot;,&quot;classic_columns_mobile&quot;:&quot;1&quot;,&quot;classic_row_gap&quot;:{&quot;unit&quot;:&quot;px&quot;,&quot;size&quot;:35,&quot;sizes&quot;:[]},&quot;classic_row_gap_tablet&quot;:{&quot;unit&quot;:&quot;px&quot;,&quot;size&quot;:&quot;&quot;,&quot;sizes&quot;:[]},&quot;classic_row_gap_mobile&quot;:{&quot;unit&quot;:&quot;px&quot;,&quot;size&quot;:&quot;&quot;,&quot;sizes&quot;:[]},&quot;ekit_we_effect_on&quot;:&quot;none&quot;}\" data-widget_type=\"posts.classic\">\n\t\t\t\t<div class=\"elementor-widget-container\">\n\t\t\t\t\t\t\t<div class=\"elementor-posts-container elementor-posts elementor-posts--skin-classic elementor-grid\" role=\"list\">\n\t\t\t\t<article class=\"elementor-post elementor-grid-item post-33 post type-post status-publish format-standard hentry category-sin-categoria\" role=\"listitem\">\n\t\t\t\t<div class=\"elementor-post__text\">\n\t\t\t\t<h3 class=\"elementor-post__title\">\n\t\t\t<a href=\"https:\/\/inversionesguru.com\/mx\/elementor-33\/\">\n\t\t\t\tElementor #33\t\t\t<\/a>\n\t\t<\/h3>\n\t\t\t\t<div class=\"elementor-post__meta-data\">\n\t\t\t\t\t<span class=\"elementor-post-date\">\n\t\t\t13 febrero, 2026\t\t<\/span>\n\t\t\t\t<span class=\"elementor-post-avatar\">\n\t\t\tNo hay comentarios\t\t<\/span>\n\t\t\t\t<\/div>\n\t\t\t\t\t<div class=\"elementor-post__read-more-wrapper\">\n\t\t\n\t\t<a class=\"elementor-post__read-more\" href=\"https:\/\/inversionesguru.com\/mx\/elementor-33\/\" aria-label=\"Read more about Elementor #33\" tabindex=\"-1\">\n\t\t\tLeer m\u00e1s \u00bb\t\t<\/a>\n\n\t\t\t\t\t<\/div>\n\t\t\t\t<\/div>\n\t\t\t\t<\/article>\n\t\t\t\t<\/div>\n\t\t\n\t\t\t\t\t\t<\/div>\n\t\t\t\t<\/div>\n\t\t\t\t\t<\/div>\n\t\t<\/div>\n\t\t\t\t\t<\/div>\n\t\t<\/section>\n\t\t\t\t<\/div>\n\t\t","protected":false},"excerpt":{"rendered":"<p>inversionesgur\u00fa M\u00e9xico Tu sitio completo de finanzas. Descubre nuestras calculadoras y simuladores de cr\u00e9dito, inf\u00f3rmate sobre las \u00faltimas noticias y utiliza nuestras herramientas especiales para<\/p>\n","protected":false},"author":1,"featured_media":0,"parent":0,"menu_order":0,"comment_status":"closed","ping_status":"closed","template":"","meta":{"_kadence_starter_templates_imported_post":false,"_kad_post_transparent":"","_kad_post_title":"hide","_kad_post_layout":"fullwidth","_kad_post_sidebar_id":"","_kad_post_content_style":"unboxed","_kad_post_vertical_padding":"hide","_kad_post_feature":"hide","_kad_post_feature_position":"","_kad_post_header":false,"_kad_post_footer":false,"_kad_post_classname":"","footnotes":""},"class_list":["post-10","page","type-page","status-publish","hentry"],"_links":{"self":[{"href":"https:\/\/inversionesguru.com\/mx\/wp-json\/wp\/v2\/pages\/10","targetHints":{"allow":["GET"]}}],"collection":[{"href":"https:\/\/inversionesguru.com\/mx\/wp-json\/wp\/v2\/pages"}],"about":[{"href":"https:\/\/inversionesguru.com\/mx\/wp-json\/wp\/v2\/types\/page"}],"author":[{"embeddable":true,"href":"https:\/\/inversionesguru.com\/mx\/wp-json\/wp\/v2\/users\/1"}],"replies":[{"embeddable":true,"href":"https:\/\/inversionesguru.com\/mx\/wp-json\/wp\/v2\/comments?post=10"}],"version-history":[{"count":4,"href":"https:\/\/inversionesguru.com\/mx\/wp-json\/wp\/v2\/pages\/10\/revisions"}],"predecessor-version":[{"id":17,"href":"https:\/\/inversionesguru.com\/mx\/wp-json\/wp\/v2\/pages\/10\/revisions\/17"}],"wp:attachment":[{"href":"https:\/\/inversionesguru.com\/mx\/wp-json\/wp\/v2\/media?parent=10"}],"curies":[{"name":"wp","href":"https:\/\/api.w.org\/{rel}","templated":true}]}}